{"id":68,"date":"2024-01-29T23:24:43","date_gmt":"2024-01-29T22:24:43","guid":{"rendered":"https:\/\/www.gordianolupi.it\/?page_id=68"},"modified":"2025-01-24T11:34:50","modified_gmt":"2025-01-24T10:34:50","slug":"fumetti","status":"publish","type":"page","link":"https:\/\/www.gordianolupi.it\/?page_id=68","title":{"rendered":"Fumetti"},"content":{"rendered":"\n<h2 class=\"wp-block-heading\">Le visioni di Laura (serie a fumetti)<\/h2>\n\n\n<div class=\"wp-block-image\">\n<figure class=\"aligncenter size-full\"><img loading=\"lazy\" decoding=\"async\" width=\"194\" height=\"280\" src=\"https:\/\/www.gordianolupi.it\/wp-content\/uploads\/2025\/01\/image-14.png\" alt=\"\" class=\"wp-image-218\"\/><\/figure>\n<\/div>\n\n\n<p class=\"has-text-align-center\"><strong>Le visioni di Laura \u2013 Vol.1<\/strong><br>A.A.V.V.<br>Edizioni Periscopio<br>Prima edizione: Marzo 2016<br>Formato: 21&#215;29 cm.<br>Pagine: 104 pp. BN<br>Prezzo di copertina: \u20ac 10,00<br>Cod.ISBN: 978-88-940744-5-1<\/p>\n\n\n\n<p><strong>Le visioni di Laura \u2013 Vol.1<\/strong><br>A.A.V.V.<br><em>Edizioni Periscopio<\/em><br><a href=\"http:\/\/edizioni.periscopio.biz\/\" target=\"_blank\" rel=\"noreferrer noopener\">EDIZIONI.PERISCOPIO.BIZ<\/a><\/p>\n\n\n\n<p>e visioni di Laura nasce da un\u2019idea narrativa per una sorta di romanzo a puntate, costruito su una serie di racconti thriller &#8211; horror con protagonista fisso e alcune situazioni di vita quotidiana. Le visioni di Laura sceneggiato che parte da un soggetto di Gordiano Lupi, sceneggiato da Fabrizio Fassio e ideato graficamente da Oscar Celestini. Laura \u00e8 una bella ragazza mora, dai lunghi capelli crespi e i tratti latini, ama il cinema, la musica dei cantautori, alcune storie scorrono sulle note di Vecchioni, Jannacci, Conte e De Andr\u00e8. Vive a Porto Fabbrica, citt\u00e0 immaginaria della Toscana meridionale, affacciata sul mar Tirreno, tra spiagge, scogliere e una grande acciaieria. Laura non ha avuto un\u2019infanzia facile: la mamma \u00e8 morta quando era una bambina e dopo alcuni anni ha perduto la gemella Marina. La prima avventura che introduce ai poteri di Laura come sensitiva, filo conduttore di tutta la serie. Laura vede attraverso gli occhi delle vittime gli orrori accaduti, sente nel suo corpo tutte le loro sofferenze. Le visioni di Laura \u00e8 una serie a fumetti che contamina horror, fantastico e noir, secondo la lezione della vecchia scuola del cinema italiano.<\/p>\n\n\n\n<p>Cartella Stampa:&nbsp;<a href=\"http:\/\/edizioni.periscopio.biz\/le-visioni-di-laura.pdf\" target=\"_blank\" rel=\"noreferrer noopener\">http:\/\/edizioni.periscopio.biz\/le-visioni-di-laura.pdf<\/a><\/p>\n\n\n\n<p>E\u2019 possibile acquistare l\u2019albo direttamente dal nostro e-commerce: shop.periscopio.biz<\/p>\n\n\n\n<p>Siamo assolutamente disponibili ad inviare copia in formato elettronica presso la vostra redazione per eventuali e graditissime recensioni del nostro albo. Richiedetela presso la redazione: info@periscopio.biz<\/p>\n\n\n\n<p><strong>Periscopio Edizioni<\/strong><br>Periscopio Edizioni \u00e8 una nuova realt\u00e0 editoriale che si prefigge di portare alla luce la creativit\u00e0 sommersa di tanti bravi autori misconosciuti che sono alla ricerca di una meritata notoriet\u00e0. Periscopio nasce dalla passione per le idee e dalla voglia di creativit\u00e0, senza preclusione di genere ma con un&#8217;unica caratteristica fondamentale: la qualit\u00e0, sia espressiva che formale.<br>La linea editoriale di Periscopio si orienta dunque verso la produzione di fumetti, narrativa e musica capaci di offrire al pubblico visioni alternative, storie innovative, emozioni sonore. Periscopio Edizioni nasce per rafforzare un&#8217;idea, per portare avanti un discorso di cui per anni si \u00e8 fatta carico la sola Associazione Culturale Subaqueo, creando un gran numero di edizioni in formato digitale.<br>Ed ecco che finalmente tutte le produzioni cos\u00ec faticosamente alimentate possono vedere la luce e lasciare la dimensione virtuale per raggiungere la tanto agognata forma reale.<\/p>\n\n\n\n<p><em>Periscopio Edizioni S.n.c.<br>Via Traforo, 12 \u2013 10053 Bussoleno (TO)<br>Tel. (+39) 0122 649896 &#8211; Fax (+39) 0122 643713<br>http:\/\/edizioni.periscopio.biz \u2013 info@periscopio.biz<br>P.Iva 09946130011<\/em><\/p>\n\n\n<div class=\"wp-block-image\">\n<figure class=\"aligncenter size-full is-resized\"><img loading=\"lazy\" decoding=\"async\" width=\"150\" height=\"213\" src=\"https:\/\/www.gordianolupi.it\/wp-content\/uploads\/2025\/01\/image-15.png\" alt=\"\" class=\"wp-image-220\" style=\"width:184px;height:auto\"\/><\/figure>\n<\/div>\n\n<div class=\"wp-block-image\">\n<figure class=\"aligncenter size-full is-resized\"><img loading=\"lazy\" decoding=\"async\" width=\"150\" height=\"212\" src=\"https:\/\/www.gordianolupi.it\/wp-content\/uploads\/2025\/01\/image-16.png\" alt=\"\" class=\"wp-image-221\" style=\"width:180px;height:auto\"\/><\/figure>\n<\/div>\n\n\n<figure class=\"wp-block-table\"><table class=\"has-fixed-layout\"><tbody><tr><td colspan=\"2\"><strong>LE VISIONI DI LAURA<\/strong><br>Laura \u00e8 una bella ragazza mora, dai lunghi capelli crespi e i tratti latini, ama il cinema, la narrativa horror e la musica dei cantautori, al punto che alcune sue storie scorrono sulle note delle canzoni di Vecchioni, Jannacci, Conte e De Andr\u00e8. Vive a Porto Fabbrica, citt\u00e0 immaginaria della Toscana meridionale che ricorda la mia Piombino, affacciata sul mar Tirreno, davanti alle isole dell\u2019Arcipelago, tra spiagge, scogliere e una grande acciaieria che d\u00e0 il nome alla citt\u00e0. Laura non ha avuto un\u2019infanzia facile: la mamma \u00e8 morta quando era una bambina e dopo alcuni anni ha perduto la gemella Marina. Non anticipo altro perch\u00e9 questo \u00e8 il tema della prima avventura che introduce ai poteri di Laura come sensitiva e sar\u00e0 il filo conduttore di tutta la serie. Il padre muore improvvisamente poco tempo dopo la scomparsa di Marina e Laura resta sola in una grande casa affacciata sul mare. I ricordi tristi del passato sono una costante del personaggio che vive una storia d\u2019amore importante e si trova coinvolta in fantastici casi polizieschi. Laura vede attraverso gli occhi delle vittime gli orrori accaduti e sente nel suo corpo tutte le loro sofferenze. Le sue avventure sono spesso soprannaturali e a volte rientrano nel genere delle storie del terrore, racconti di paura quotidiana che possono accadere.<\/td><\/tr><tr><td colspan=\"2\">&nbsp;<\/td><\/tr><tr><td colspan=\"2\"><strong>LA SERIE<\/strong><br>La serie nasce da una idea di Gordiano Lupi, inizialmente per una sorta di romanzo a puntate costruito su una serie di racconti thriller horror con un protagonista fisso e alcune situazioni ripetitive di vita quotidiana. Non sarebbe diventato un fumetto senza l\u2019aiuto dell\u2019esperto sceneggiatore Fabrizio Fassio, che riesce a tradurre in immagini l\u2019essenza narrativa. Oscar Celestini presta uno stile essenziale ma efficace per dare vita alla prima avventura e fissa le coordinate grafiche del personaggio. Celestini \u00e8 anche il copertinista ufficiale della serie e lo incontreremo ancora come disegnatore delle storie insieme a una squadra di validi disegnatori sotto l&#8217;egida Subaqueo Edizioni. &#8220;Le visioni di Laura&#8221; \u00e8 una serie a fumetti che contamina horror, fantastico e noir, secondo la lezione della vecchia scuola del cinema italiano dettata da maestri come Joe D\u2019Amato e Lucio Fulci. Il fumetto partir\u00e0 su internet ma si propone di approdare presto su carta. Gli albi verranno pubblicati con frequenza trimestrale nel solito, comodo formato e-comics per Acrobat Reader.<\/td><\/tr><tr><td colspan=\"2\">&nbsp;<\/td><\/tr><tr><td colspan=\"2\"><strong>GLI AUTORI<\/strong><strong>Gordiano Lupi (Ideazione e soggetto)<\/strong><br>Nato a Piombino nel 1960, \u00e8 Capo redattore de Il Foglio Letterario e Direttore Editoriale delle Edizioni Il Foglio. Collabora con Mystero e con la Casa Editrice Profondo Rosso di Roma. Pubblica racconti per X Comics, Blue e Underground Press. Scrive soggetti e sceneggiature per fumetti realizzati graficamente dal disegnatore Oscar Celestini (pubblicati su X Comics, Blue e Underground Press). Ha pubblicato: Lettere da Lontano (Tracce, 1998), Il mistero di Incrucijada (Prospettiva, 2000), L\u2019et\u00e0 d\u2019oro (Il Foglio, 2001), Il giustiziere del Malec\u00f3n (Prospettiva, 2002), Le ultime lettere di Pilvio Tarasconi (Il Foglio, 2002), Per conoscere Aldo Zelli (Il Foglio, 2002). Ha tradotto i romanzi del cubano Alejandro Torreguitart Ruiz: Machi di carta (Stampa Alternativa, 2003), La Marina del mio passato (Nonsoloparole, 2003), Vita da jinetera (Il Foglio, 2005), Cuba particolar \u2013 Sesso all\u2019Avana (Stampa Alternativa, 2007). I suoi lavori pi\u00f9 recenti sono: Nero Tropicale (Terzo Millennio, 2003), Cuba Magica \u2013 conversazioni con un sant\u00e9ro (Mursia, 2003), Cannibal \u2013 il cinema selvaggio di Ruggero Deodato (Profondo Rosso, 2003), Un\u2019isola a passo di son &#8211; viaggio nel mondo della musica cubana (Bastogi, 2004), Quasi quasi faccio anch\u2019io un corso di scrittura (Stampa Alternativa, 2004), Orrore, erotismo e pornografia secondo Joe D\u2019Amato (Profondo Rosso, 2004), Tomas Milian, il trucido e lo sbirro (Profondo Rosso, 2004), Le dive nude &#8211; vol. 1 &#8211; il cinema di Gloria Guida e di Edwige Fenech (Profondo Rosso, 2005), Serial Killer italiani (Editoriale Olimpia, 2005), Nemici miei (Stampa Alternativa, 2005), Il cittadino si ribella: il cinema di Enzo G. Castellari &#8211; in collaborazione con Fabio Zanello &#8211; (Profondo Rosso, 2006), Filmare la morte \u2013 Il cinema horror e thriller di Lucio Fulci (Il Foglio, 2006) e Orrori tropicali \u2013 storie di vudu, santeria e palo mayombe (Il Foglio, 2006). Il suo ultimo libro \u00e8 il saggio Almeno il pane Fidel \u2013 Cuba quotidiana (Stampa Alternativa, 2006). Di prossima pubblicazione: Il cinema di Sergio Martino (in collaborazione con Fabio Zanello). Pagine web: www.infol.it\/lupi. E-mail per contatti: lupi@infol.it<\/td><\/tr><tr><td colspan=\"2\"><strong>Fabrizio fassio (Testi e sceneggiature<\/strong>)<br>Scrittore e sceneggiatore di Torino, responsabile di redazione del magazine Cartaigienicaweb e Cartaigienicamag, ideatore della serie a fumetti &#8220;Un brutto quarto d&#8217;horror con il Prof. Rantolo&#8221;, &#8220;Clown Eddie&#8221;, &#8220;Korben&#8221; Mr. Smut e Cinico Show; direttore editoriale delle Edizioni Asscult Subaqueo, per cui cura numerosi serial a fumetti per il web come Crimestory, Megera Maril\u00f9, Orexis, Le visioni di Laura, Sandy Grayson e molti altri. Ha pubblicato su numerose riviste e fanzine come Cartaigienicamag, Walhalla, Fatece Largo, The Artist, Necro e molte altre. Per i tipi delle Edizioni Il Foglio ha pubblicato i primi due volumi a fumetti antologici del Prof. Rantolo, di cui ha curato grafica, testi e sceneggiature.<\/td><\/tr><tr><td colspan=\"2\"><strong>Oscar Celestini (Copertine, disegni e chine)<\/strong><br>Nato a Viterbo nel 1984, diplomato all&#8217;I.T.C Paolo Savi di Viterbo. Illustratore, fumettista, copertinista, colorista, grafico. Esordisce nel 2000 pubblicando su riviste di fumetto amatoriale: Colorado Comics, Djustine, Fallen Angel. Dal 2003 lavora come copertinista di libri delle Edizioni Il Foglio, per la stessa casa editrice pubblica il suo primo albo a fumetti Sangue Tropicale, insieme allo scrittore Gordiano Lupi. Nel 2004 pubblica l&#8217;albo MayBe insieme alla scrittrice Lisa Massei(Pubblicazioni Comix Comunity). Nello stesso anno inizia a collaborare come illustratore e fumettista per la rivista Underground Press (Nicola Pesce Editore). Nel 2005 disegna numerose storie per la rivista X-Comics,(Coniglio Editore). Nel 2006 colora le illustrazioni per un sussidiario (DeAgostini), le cards della seconda e terza serie dei Gormiti (Giochi Preziosi), le illustrazioni per un dizionario di Geronimo Stilton (PIEMME, una storia per lo speciale allegato a Jonhatan Steele &#8220;Agenzia Incantesimi&#8221; su disegni di Gianni Sedioli (edizioni Starcomics) e la copertina dell&#8217;albo francese &#8220;Rangaku&#8221; edito da Les Humanoides Associes (collana Dedales). Nel 2007 disegna due tavole per l&#8217;albo promozionale uscito in occasione della fiera &#8220;Fumettopoli&#8221;. Collabora con lo studio Hammer come colorista delle Ninja Turtles e Next pubblicati sul Giornalino (Edizioni San Paolo). Disegna le storie di Capitan Venezia su sceneggiature di Alessandro Mainardi. Attualmente collabora con le case editrici francesi Soleil e Casterman come colorista.<\/td><\/tr><\/tbody><\/table><\/figure>\n","protected":false},"excerpt":{"rendered":"<p>Le visioni di Laura (serie a fumetti) Le visioni di Laura \u2013 Vol.1A.A.V.V.Edizioni PeriscopioPrima edizione: Marzo 2016Formato: 21&#215;29 cm.Pagine: 104 pp. BNPrezzo di copertina: \u20ac 10,00Cod.ISBN: 978-88-940744-5-1 Le visioni di Laura \u2013 Vol.1A.A.V.V.Edizioni PeriscopioEDIZIONI.PERISCOPIO.BIZ e visioni di Laura nasce da un\u2019idea narrativa per una sorta di romanzo a puntate, costruito su una serie di racconti [&hellip;]<\/p>\n","protected":false},"author":2,"featured_media":0,"parent":0,"menu_order":0,"comment_status":"closed","ping_status":"closed","template":"","meta":{"saved_in_kubio":false,"footnotes":""},"class_list":["post-68","page","type-page","status-publish","hentry"],"kubio_ai_page_context":{"short_desc":"","purpose":"general"},"_links":{"self":[{"href":"https:\/\/www.gordianolupi.it\/index.php?rest_route=\/wp\/v2\/pages\/68","targetHints":{"allow":["GET"]}}],"collection":[{"href":"https:\/\/www.gordianolupi.it\/index.php?rest_route=\/wp\/v2\/pages"}],"about":[{"href":"https:\/\/www.gordianolupi.it\/index.php?rest_route=\/wp\/v2\/types\/page"}],"author":[{"embeddable":true,"href":"https:\/\/www.gordianolupi.it\/index.php?rest_route=\/wp\/v2\/users\/2"}],"replies":[{"embeddable":true,"href":"https:\/\/www.gordianolupi.it\/index.php?rest_route=%2Fwp%2Fv2%2Fcomments&post=68"}],"version-history":[{"count":3,"href":"https:\/\/www.gordianolupi.it\/index.php?rest_route=\/wp\/v2\/pages\/68\/revisions"}],"predecessor-version":[{"id":222,"href":"https:\/\/www.gordianolupi.it\/index.php?rest_route=\/wp\/v2\/pages\/68\/revisions\/222"}],"wp:attachment":[{"href":"https:\/\/www.gordianolupi.it\/index.php?rest_route=%2Fwp%2Fv2%2Fmedia&parent=68"}],"curies":[{"name":"wp","href":"https:\/\/api.w.org\/{rel}","templated":true}]}}